{"id":2256,"date":"2018-03-09T13:38:04","date_gmt":"2018-03-09T12:38:04","guid":{"rendered":"https:\/\/dlrg-seligenstadt.de\/jugend\/?page_id=2256"},"modified":"2019-07-16T15:24:13","modified_gmt":"2019-07-16T13:24:13","slug":"praevention-und-hilfe","status":"publish","type":"page","link":"https:\/\/dlrg-seligenstadt.de\/jugend\/praevention-und-hilfe\/","title":{"rendered":"Pr\u00e4vention und Hilfe"},"content":{"rendered":"<p><img decoding=\"async\" loading=\"lazy\" class=\"alignleft\" src=\"https:\/\/www.hessen-dlrg-jugend.info\/fileadmin\/_processed_\/csm_DLRGjugendHessen_Strichmaennchen_112x96mm_CMYK_db9285f482.jpg\" alt=\"\" width=\"211\" height=\"180\" \/><br \/>\nDie DLRG Seligenstadt und die DLRG-Jugend Seligenstadt nehmen das Thema Pr\u00e4vention Sexualisierter Gewalt sehr ernst.<\/p>\n<h2>Mit jemand vertraulich reden.<\/h2>\n<p>In unserer Ortgruppe hast du neben den Betreuern folgende Ansprechpartner:<\/p>\n<ul>\n<li>Katharina Christ &#8211; katharina.christ@seligenstadt.dlrg-jugend.de<\/li>\n<li>Marius M\u00fcller &#8211; marius.mueller@dlrg-jugend.de<\/li>\n<\/ul>\n<p>Falls du nicht mit jemand aus der Ortsgruppe reden m\u00f6chtest, kannst du dich an die <a href=\"https:\/\/www.hessen-dlrg-jugend.info\/projekte\/praevention-sexualisierter-gewalt\/wir-und-unsere-aufgaben.html\" target=\"_blank\" rel=\"noopener noreferrer\">Anja, Marc, Maren, Marcel oder Linnea<\/a> von der DLRG-Jugend Hessen oder an eine Beratungsstelle wenden: <a href=\"https:\/\/www.hilfeportal-missbrauch.de\/\" target=\"_blank\" rel=\"noopener noreferrer\">www.hilfeportal-missbrauch.de<\/a><\/p>\n<p><strong>Wichtig:<\/strong> Alle Gespr\u00e4che sind vertraulich und unser Ziel ist es, dir zu helfen.<\/p>\n<h3>Das sagen wir so ganz offiiziell &#8211; unser Statement:<\/h3>\n<p>\u201eDas Wohl und die Entwicklung junger Menschen zu selbstbestimmten, selbstbewussten und verantwortlichen Pers\u00f6nlichkeiten ist der DLRG-Jugend Hessen ein besonderes Anliegen.<\/p>\n<p>Hierzu bauen wir in unserer Pr\u00e4ventionsarbeit auf zwei Schwerpunkte. Zum einen leisten wir mit unseren Angeboten einen wichtigen Beitrag zur St\u00e4rkung von Kindern und Jugendlichen in ihren jeweiligen Lebenswelten. Zum anderen tragen wir durch Information und Aufkl\u00e4rung unserer Mitglieder zur gesellschaftlichen Sensibilisierung im Umgang mit sexualisierter Gewalt bei.<\/p>\n<p>Pr\u00e4vention \u00fcberwindet Sprachlosigkeit und schafft Handlungsm\u00f6glichkeiten.\u201c<\/p>\n","protected":false},"excerpt":{"rendered":"<p>Die DLRG Seligenstadt und die DLRG-Jugend Seligenstadt nehmen das Thema Pr\u00e4vention Sexualisierter Gewalt sehr ernst. Mit jemand vertraulich reden. In unserer Ortgruppe hast du neben den Betreuern folgende Ansprechpartner: Katharina Christ &#8211; katharina.christ@seligenstadt.dlrg-jugend.de Marius M\u00fcller &#8211; marius.mueller@dlrg-jugend.de Falls du nicht &hellip; <a href=\"https:\/\/dlrg-seligenstadt.de\/jugend\/praevention-und-hilfe\/\">Weiterlesen <span class=\"meta-nav\">&rarr;<\/span><\/a><\/p>\n","protected":false},"author":21,"featured_media":0,"parent":0,"menu_order":0,"comment_status":"closed","ping_status":"closed","template":"","meta":{"footnotes":""},"_links":{"self":[{"href":"https:\/\/dlrg-seligenstadt.de\/jugend\/wp-json\/wp\/v2\/pages\/2256"}],"collection":[{"href":"https:\/\/dlrg-seligenstadt.de\/jugend\/wp-json\/wp\/v2\/pages"}],"about":[{"href":"https:\/\/dlrg-seligenstadt.de\/jugend\/wp-json\/wp\/v2\/types\/page"}],"author":[{"embeddable":true,"href":"https:\/\/dlrg-seligenstadt.de\/jugend\/wp-json\/wp\/v2\/users\/21"}],"replies":[{"embeddable":true,"href":"https:\/\/dlrg-seligenstadt.de\/jugend\/wp-json\/wp\/v2\/comments?post=2256"}],"version-history":[{"count":6,"href":"https:\/\/dlrg-seligenstadt.de\/jugend\/wp-json\/wp\/v2\/pages\/2256\/revisions"}],"predecessor-version":[{"id":2331,"href":"https:\/\/dlrg-seligenstadt.de\/jugend\/wp-json\/wp\/v2\/pages\/2256\/revisions\/2331"}],"wp:attachment":[{"href":"https:\/\/dlrg-seligenstadt.de\/jugend\/wp-json\/wp\/v2\/media?parent=2256"}],"curies":[{"name":"wp","href":"https:\/\/api.w.org\/{rel}","templated":true}]}}