{"id":1565,"date":"2015-06-30T18:35:45","date_gmt":"2015-06-30T18:35:45","guid":{"rendered":"http:\/\/dlrg-seligenstadt.de\/jugend\/?page_id=1565"},"modified":"2015-06-30T19:11:18","modified_gmt":"2015-06-30T19:11:18","slug":"leitbild-der-jugend","status":"publish","type":"page","link":"https:\/\/dlrg-seligenstadt.de\/jugend\/ueber-uns\/leitbild-der-jugend\/","title":{"rendered":"Leitbild der Jugend"},"content":{"rendered":"<p>Das Leitbild kann hier runtergeladen werden: <a href=\"http:\/\/www.hessen.dlrg-jugend.de\/downloads\/leitbild.pdf\" target=\"_blank\">Leitbild PDF<\/a><\/p>\n<hr \/>\n<h2>Das Leitbild der DLRG-Jugend<\/h2>\n<p>Dieses Leitbild soll zur Herausbildung und St\u00e4rkung der gemeinsamen Verbandsidentit\u00e4t dienen.<\/p>\n<p>Es ist verbindlich f\u00fcr alle Mitarbeiterinnen und Mitarbeiter auf allen Ebenen des Verbandes. Es will f\u00fcr Klarheit und Transparenz sorgen, Entscheidungen erleichtern, die Motivation f\u00f6rdern und die Identifikation mit dem Verband erh\u00f6hen.<\/p>\n<p>Die Jugend der Deutschen Lebens-Rettungs-Gesellschaft, im folgenden DLRG-Jugend genannt, bilden alle Mitglieder der Deutschen Lebens-Rettungs-Gesellschaft bis einschlie\u00dflich 26 Jahre und ihre gew\u00e4hlten Vertreterinnen und Vertretern.<\/p>\n<p>Als DLRG-Jugend sind wir zugleich integrierter Teil des Gesamtverbandes und in unserer Selbst\u00e4ndigkeit \u00f6ffentlich anerkannter Kinder- und Jugendverband. Wir geben uns eine eigene Ordnung, w\u00e4hlen unsere Gremien unabh\u00e4ngig und verf\u00fcgen \u00fcber unsere finanziellen Mittel in eigener Verantwortung.<\/p>\n<p>In unserer verbandlichen, gesellschaftlichen und internationalen Arbeit f\u00fchlen wir uns den Prinzipien der Demokratie, Humanit\u00e4t, Toleranz, Solidarit\u00e4t, Pluralit\u00e4t, Interkulturalit\u00e4t und Ganzheitlichkeit verpflichtet.<\/p>\n<p>Diese Prinzipien bedeuten, dass wir uns f\u00fcr die k\u00f6rperliche und geistige Unversehrtheit aller Menschen sowie gegen Ausgrenzung, Diskriminierung und Intoleranz einsetzen. Wir engagieren uns daf\u00fcr, dass sich jeder einzelne Mensch umfassend und allseitig frei entfalten kann. Die daf\u00fcr notwendigen Voraussetzungen wollen wir mitgestalten.<\/p>\n<p>Wir verstehen unseren Verband, die DLRG-Jugend, als Form der Selbstorganisation von Kindern, Jugendlichen und jungen Erwachsenen.<\/p>\n<h2>Oberste gleichberechtigte Ziele der DLRG-Jugend sind:<\/h2>\n<ul>\n<li>Leben zu retten;<\/li>\n<li>einen Beitrag zur Entwicklung junger Menschen zu selbst bestimmten, selbst bewussten und verantwortlichen Pers\u00f6nlichkeiten zu leisten;<\/li>\n<li>die Interessen von Kindern, Jugendlichen und jungen Erwachsenen aktiv und wirksam<br \/>\ninnerhalb und au\u00dferhalb des Verbandes zu vertreten;<\/li>\n<li>auf gesellschaftliche Probleme aufmerksam zu machen und aktiv zu deren L\u00f6sung<br \/>\nbeizutragen;<\/li>\n<li>die gleichberechtigte Teilhabe von Kindern, Jugendlichen und jungen Erwachsenen in ihren jeweiligen Lebenswelten.<\/li>\n<\/ul>\n<ul>\n<li>Siehe gesamter Text: <a href=\"http:\/\/www.hessen.dlrg-jugend.de\/downloads\/leitbild.pdf\" target=\"_blank\">Leitbild PDF<\/a><\/li>\n<\/ul>\n","protected":false},"excerpt":{"rendered":"<p>Das Leitbild kann hier runtergeladen werden: Leitbild PDF Das Leitbild der DLRG-Jugend Dieses Leitbild soll zur Herausbildung und St\u00e4rkung der gemeinsamen Verbandsidentit\u00e4t dienen. Es ist verbindlich f\u00fcr alle Mitarbeiterinnen und Mitarbeiter auf allen Ebenen des Verbandes. Es will f\u00fcr Klarheit &hellip; <a href=\"https:\/\/dlrg-seligenstadt.de\/jugend\/ueber-uns\/leitbild-der-jugend\/\">Weiterlesen <span class=\"meta-nav\">&rarr;<\/span><\/a><\/p>\n","protected":false},"author":16,"featured_media":0,"parent":12,"menu_order":0,"comment_status":"open","ping_status":"open","template":"","meta":{"footnotes":""},"_links":{"self":[{"href":"https:\/\/dlrg-seligenstadt.de\/jugend\/wp-json\/wp\/v2\/pages\/1565"}],"collection":[{"href":"https:\/\/dlrg-seligenstadt.de\/jugend\/wp-json\/wp\/v2\/pages"}],"about":[{"href":"https:\/\/dlrg-seligenstadt.de\/jugend\/wp-json\/wp\/v2\/types\/page"}],"author":[{"embeddable":true,"href":"https:\/\/dlrg-seligenstadt.de\/jugend\/wp-json\/wp\/v2\/users\/16"}],"replies":[{"embeddable":true,"href":"https:\/\/dlrg-seligenstadt.de\/jugend\/wp-json\/wp\/v2\/comments?post=1565"}],"version-history":[{"count":14,"href":"https:\/\/dlrg-seligenstadt.de\/jugend\/wp-json\/wp\/v2\/pages\/1565\/revisions"}],"predecessor-version":[{"id":1581,"href":"https:\/\/dlrg-seligenstadt.de\/jugend\/wp-json\/wp\/v2\/pages\/1565\/revisions\/1581"}],"up":[{"embeddable":true,"href":"https:\/\/dlrg-seligenstadt.de\/jugend\/wp-json\/wp\/v2\/pages\/12"}],"wp:attachment":[{"href":"https:\/\/dlrg-seligenstadt.de\/jugend\/wp-json\/wp\/v2\/media?parent=1565"}],"curies":[{"name":"wp","href":"https:\/\/api.w.org\/{rel}","templated":true}]}}