{"id":12,"date":"2010-12-18T13:40:25","date_gmt":"2010-12-18T13:40:25","guid":{"rendered":"http:\/\/dlrg-seligenstadt.de\/jugend\/"},"modified":"2017-01-10T01:31:55","modified_gmt":"2017-01-10T00:31:55","slug":"ueber-uns","status":"publish","type":"page","link":"https:\/\/dlrg-seligenstadt.de\/jugend\/ueber-uns\/","title":{"rendered":"\u00dcber uns"},"content":{"rendered":"<h2>Unser Selbstverst\u00e4ndnis<\/h2>\n<p>Zur DLRG-Jugend Seligenstadt geh\u00f6ren alle Kinder und Jugendlichen <a href=\"http:\/\/dlrg-seligenstadt.de\/jugend\/mitglied-werden\/\">Mitglieder<\/a> der DLRG Ortsgruppe Seligenstadt bis einschlie\u00dflich 26 Jahren. Wir sind somit kein eigenst\u00e4ndiger Verein, aber ein relativ unabh\u00e4ngiger und selbstbestimmter Teil der DLRG Seligenstadt, dessen Kernaufgabe die Jugendarbeit ist. Wir haben einen eigenen <a href=\"http:\/\/dlrg-seligenstadt.de\/jugend\/jugendvorstand\/\">Vorstand<\/a>, eine eigene Website, ein eigenes Logo und andere Aufgabenfelder als der Stammverband der DLRG.<\/p>\n<h2>Was wir machen<\/h2>\n<p>Wir treffen uns regelm\u00e4\u00dfig Freitags mit Jugendlichen ab 12 wenn nicht anders angek\u00fcndigt um 18:30 an der DLRG-Station. Au\u00dferhalb der Freibadsaison treffen wir uns regelm\u00e4\u00dfig mit Kindern unter 12 Mittwochs um 18:00.<\/p>\n<p>Bei den Treffen werden abwechslungsreiche Aktivit\u00e4ten angeboten. Wir spielen Fu\u00dfball, Basketball, Brettspiele, gehen schwimmen, veranstalten Filmeabende oder fahren mit dem DLRG-Boot.<\/p>\n<p>\u00dcber das Jahr verteilt gibt es auch gr\u00f6\u00dfere <a href=\"http:\/\/dlrg-seligenstadt.de\/jugend\/veranstaltungen\/\">Veranstaltungen<\/a>, hierzu z\u00e4hlen unter anderem Zeltlager, mehrt\u00e4gige Kanutouren und eine LAN-Partys.<\/p>\n<p>Bei den <a href=\"http:\/\/dlrg-seligenstadt.de\/jugend\/veranstaltungen\/\">Veranstaltungen <\/a>steht immer der Spa\u00df im Vordergrund, wir f\u00fchren Kinder und Jugendliche aber auch an Wasserrettung und Erste Hilfe heran.<\/p>\n<h2>Komm vorbei!<\/h2>\n<p>Genug informiert!<\/p>\n<p>Komm einfach bei unserer n\u00e4chsten <a href=\"http:\/\/dlrg-seligenstadt.de\/jugend\/veranstaltungen\/\">Veranstaltung<\/a> vorbei. Neue wie alte Gesichter sind immer gern gesehen. Wenn du noch Fragen hast, schreibe einfach unserem Jugendvorsitzenden an yasin.ilyas@seligenstadt.DLRG-Jugend.de oder nutze unser <a href=\"http:\/\/dlrg-seligenstadt.de\/jugend\/kontakt\/\">Kontaktformular<\/a>.<\/p>\n<hr \/>\n<p>&nbsp;<\/p>\n<p>Wir sind Teil der <a href=\"http:\/\/kv-offenbach-land.dlrg-jugend.de\">DLRG-Jugend Kreisverband Offenbach-Land<\/a>.<\/p>\n<p>Hier findest Du unser <a title=\"DLRG-Jugend Leitbild\" href=\"http:\/\/dlrg-seligenstadt.de\/jugend\/ueber-uns\/leitbild-der-jugend\/\">Leitbild<\/a>.<\/p>\n<h3>Jugendordnung<\/h3>\n<p><a href=\"http:\/\/dlrg-seligenstadt.de\/jugend\/wp-content\/uploads\/2010\/12\/0716005_Jugendordnung.pdf\">Jugendordnung der DLRG-Jugend Seligenstadt PDF<\/a><\/p>\n","protected":false},"excerpt":{"rendered":"<p>Unser Selbstverst\u00e4ndnis Zur DLRG-Jugend Seligenstadt geh\u00f6ren alle Kinder und Jugendlichen Mitglieder der DLRG Ortsgruppe Seligenstadt bis einschlie\u00dflich 26 Jahren. Wir sind somit kein eigenst\u00e4ndiger Verein, aber ein relativ unabh\u00e4ngiger und selbstbestimmter Teil der DLRG Seligenstadt, dessen Kernaufgabe die Jugendarbeit ist. &hellip; <a href=\"https:\/\/dlrg-seligenstadt.de\/jugend\/ueber-uns\/\">Weiterlesen <span class=\"meta-nav\">&rarr;<\/span><\/a><\/p>\n","protected":false},"author":1,"featured_media":0,"parent":0,"menu_order":1,"comment_status":"open","ping_status":"open","template":"","meta":{"footnotes":""},"_links":{"self":[{"href":"https:\/\/dlrg-seligenstadt.de\/jugend\/wp-json\/wp\/v2\/pages\/12"}],"collection":[{"href":"https:\/\/dlrg-seligenstadt.de\/jugend\/wp-json\/wp\/v2\/pages"}],"about":[{"href":"https:\/\/dlrg-seligenstadt.de\/jugend\/wp-json\/wp\/v2\/types\/page"}],"author":[{"embeddable":true,"href":"https:\/\/dlrg-seligenstadt.de\/jugend\/wp-json\/wp\/v2\/users\/1"}],"replies":[{"embeddable":true,"href":"https:\/\/dlrg-seligenstadt.de\/jugend\/wp-json\/wp\/v2\/comments?post=12"}],"version-history":[{"count":25,"href":"https:\/\/dlrg-seligenstadt.de\/jugend\/wp-json\/wp\/v2\/pages\/12\/revisions"}],"predecessor-version":[{"id":1837,"href":"https:\/\/dlrg-seligenstadt.de\/jugend\/wp-json\/wp\/v2\/pages\/12\/revisions\/1837"}],"wp:attachment":[{"href":"https:\/\/dlrg-seligenstadt.de\/jugend\/wp-json\/wp\/v2\/media?parent=12"}],"curies":[{"name":"wp","href":"https:\/\/api.w.org\/{rel}","templated":true}]}}