{"id":1134,"date":"2013-12-18T16:29:25","date_gmt":"2013-12-18T16:29:25","guid":{"rendered":"http:\/\/dlrg-seligenstadt.de\/jugend\/?page_id=1134"},"modified":"2018-03-30T23:43:41","modified_gmt":"2018-03-30T21:43:41","slug":"bekleidung-t-shirts-und-pullis-fuer-die-dlrg-jugend-seligenstadt","status":"publish","type":"page","link":"https:\/\/dlrg-seligenstadt.de\/jugend\/bekleidung-t-shirts-und-pullis-fuer-die-dlrg-jugend-seligenstadt\/","title":{"rendered":"Bekleidung: T-Shirts und Pullis f\u00fcr die DLRG-Jugend Seligenstadt"},"content":{"rendered":"<div id=\"attachment_1135\" style=\"width: 221px\" class=\"wp-caption alignleft\"><a href=\"http:\/\/dlrg-seligenstadt.de\/jugend\/wp-content\/uploads\/2013\/12\/DLRG-J-Sel-.png\"><img aria-describedby=\"caption-attachment-1135\" decoding=\"async\" loading=\"lazy\" class=\"size-medium wp-image-1135 \" src=\"http:\/\/dlrg-seligenstadt.de\/jugend\/wp-content\/uploads\/2013\/12\/DLRG-J-Sel--211x300.png\" alt=\"Aufdruck hinten (DLRG-Jugend Seligenstadt)\" width=\"211\" height=\"300\" srcset=\"https:\/\/dlrg-seligenstadt.de\/jugend\/wp-content\/uploads\/2013\/12\/DLRG-J-Sel--211x300.png 211w, https:\/\/dlrg-seligenstadt.de\/jugend\/wp-content\/uploads\/2013\/12\/DLRG-J-Sel-.png 595w\" sizes=\"(max-width: 211px) 100vw, 211px\" \/><\/a><p id=\"caption-attachment-1135\" class=\"wp-caption-text\">Aufdruck hinten (DLRG-Jugend Seligenstadt)<\/p><\/div>\n<p>Aktuellere Informationen zu diesem Thema findest du auf der <a href=\"https:\/\/seligenstadt.dlrg-jugend.de\/index.php?id=363992\">neuen Jugend Website<\/a>.<\/p>\n<p>Angeh\u00f6rige der DLRG Seligenstadt k\u00f6nnen T-Shirts und Kapuzenpullover bekommen.<\/p>\n<p>Auf der Vorderseite ist der Aufdruck DLRG-Jugend zu sehen, auf der R\u00fcckseite die Abbildung links.<\/p>\n<p>Die T-Shirts und Pullis werden von der Jugend subventioniert.<\/p>\n<p>T-Shirt: 7\u20ac<br \/>\nPullover: 14\u20ac<\/p>\n<p>Ansprechpartner ist Marius M\u00fcller. <a title=\"Kontakt\" href=\"http:\/\/dlrg-seligenstadt.de\/jugend\/kontakt\/\">Kontakt<\/a><\/p>\n<p>Es handelt sich um qualitativ hochwertige Bekleidung von der DSG\/DVV der DLRG.<\/p>\n<p>Die Kleidung wird von der DLRG-Jugend Seligenstadt gef\u00f6rdert (nach dem Jugendvorstandsbeschluss 20.01.2013) um allen Kindern und Jugendlichen die Kleidung zu erm\u00f6glichen. Auch aus diesem Grund sind wir dankbar \u00fcber <a href=\"https:\/\/dlrg-seligenstadt.de\/jugend\/spenden\/\">jede Spende<\/a>.<\/p>\n<p>Das Seligenst\u00e4dter Team beim 3-B\u00e4der-Cup und die Teilnehmer der Kanutour 2013 und 2014 haben ein T-Shirt geschenkt bekommen.<\/p>\n<p>&nbsp;<\/p>\n","protected":false},"excerpt":{"rendered":"<p>Aktuellere Informationen zu diesem Thema findest du auf der neuen Jugend Website. Angeh\u00f6rige der DLRG Seligenstadt k\u00f6nnen T-Shirts und Kapuzenpullover bekommen. Auf der Vorderseite ist der Aufdruck DLRG-Jugend zu sehen, auf der R\u00fcckseite die Abbildung links. Die T-Shirts und Pullis &hellip; <a href=\"https:\/\/dlrg-seligenstadt.de\/jugend\/bekleidung-t-shirts-und-pullis-fuer-die-dlrg-jugend-seligenstadt\/\">Weiterlesen <span class=\"meta-nav\">&rarr;<\/span><\/a><\/p>\n","protected":false},"author":1,"featured_media":0,"parent":0,"menu_order":0,"comment_status":"open","ping_status":"open","template":"","meta":{"footnotes":""},"_links":{"self":[{"href":"https:\/\/dlrg-seligenstadt.de\/jugend\/wp-json\/wp\/v2\/pages\/1134"}],"collection":[{"href":"https:\/\/dlrg-seligenstadt.de\/jugend\/wp-json\/wp\/v2\/pages"}],"about":[{"href":"https:\/\/dlrg-seligenstadt.de\/jugend\/wp-json\/wp\/v2\/types\/page"}],"author":[{"embeddable":true,"href":"https:\/\/dlrg-seligenstadt.de\/jugend\/wp-json\/wp\/v2\/users\/1"}],"replies":[{"embeddable":true,"href":"https:\/\/dlrg-seligenstadt.de\/jugend\/wp-json\/wp\/v2\/comments?post=1134"}],"version-history":[{"count":16,"href":"https:\/\/dlrg-seligenstadt.de\/jugend\/wp-json\/wp\/v2\/pages\/1134\/revisions"}],"predecessor-version":[{"id":2273,"href":"https:\/\/dlrg-seligenstadt.de\/jugend\/wp-json\/wp\/v2\/pages\/1134\/revisions\/2273"}],"wp:attachment":[{"href":"https:\/\/dlrg-seligenstadt.de\/jugend\/wp-json\/wp\/v2\/media?parent=1134"}],"curies":[{"name":"wp","href":"https:\/\/api.w.org\/{rel}","templated":true}]}}